{"id":812,"date":"2017-01-23T12:05:32","date_gmt":"2017-01-23T11:05:32","guid":{"rendered":"https:\/\/casatolicitra.it\/?page_id=812"},"modified":"2025-02-24T15:42:50","modified_gmt":"2025-02-24T14:42:50","slug":"home-page","status":"publish","type":"page","link":"https:\/\/casatolicitra.it\/en\/","title":{"rendered":"Home Page"},"content":{"rendered":"<p>[vc_row type_title=&#8221;type1&#8243; type_row=&#8221;type3&#8243; ses_sub_title=&#8221;<\/p>\n<p>&#8220;][vc_column width=&#8221;1\/1&#8243; title=&#8221;&#8221; wap_class=&#8221;&#8221; wap_id=&#8221;&#8221; column_effect=&#8221;bottommove&#8221; column_effectanimate=&#8221;flipInY&#8221;][rev_slider_vc alias=&#8221;home&#8221;][\/vc_column][\/vc_row][vc_row type_title=&#8221;type1&#8243; type_row=&#8221;type4&#8243; ses_sub_title=&#8221;<\/p>\n<p><strong>Casato Licitra is a 4-star hotel<\/strong> that is immersed in the typical landscape of the countryside of Ragusa, and it is surrounded by olive, almond and carob trees.<\/p>\n<p>Just the ideal venue for those who are seeking relaxation and a contact with nature,<br \/>\nCasato Licitra offers its guests a wide range of opportunities, as to spend a <strong>pleasant holiday with your family or simply recover intimacy with your partner<\/strong>: a <strong>riding school<\/strong> with the possibility of effecting horseback guided excursions, hiking trails for young and old people,<br \/>\nand a dog-friendly hotel, so to never neglect your faithful 4-legged friend.<\/p>\n<p>&#8221; ses_title=&#8221;WELCOME TO THE COUNTRY HOTEL CASATO LICITRA&#8221;]<span class=\"s1\">[vc_column width=\u201c1\/4\u201d type=&#8221;column&#8221; column_effect=&#8221;bottommove&#8221; column_effectanimate=&#8221;flipInY&#8221;]  \r\n        <div class=\"box_home\">\r\n            <i class=\"icon_set_2_icon-104\"><\/i>\r\n            <h3>A Hotel for Families<\/h3>\r\n            <p>\r\n                The ideal choice to spend your holidays with small children and infants.            <\/p>\r\n        <\/div>\r\n\r\n\r\n\r\n\r\n[\/vc_column][vc_column width=\u201c1\/4\u201d type=&#8221;column&#8221;]  \r\n        <div class=\"box_home\">\r\n            <i class=\"icon_set_1_icon-24\"><\/i>\r\n            <h3>Deep In the Countryside<\/h3>\r\n            <p>\r\n                This country hotel is the right deal for those who love nature.            <\/p>\r\n        <\/div>\r\n\r\n\r\n\r\n\r\n[\/vc_column][vc_column width=\u201c1\/4\u201d type=&#8221;column&#8221;]  \r\n        <div class=\"box_home\">\r\n            <i class=\"fa fa-horse\"><\/i>\r\n            <h3>A Hotel with a Horsemanship Plant<\/h3>\r\n            <p>\r\n                Discover the Iblea Countryside with our horseback tours.            <\/p>\r\n        <\/div>\r\n\r\n\r\n\r\n\r\n[\/vc_column][vc_column width=\u201c1\/4\u201d type=&#8221;column&#8221;]  \r\n        <div class=\"box_home\">\r\n            <i class=\"icon_set_1_icon-30\"><\/i>\r\n            <h3>Trek &amp; Kids Partner<\/h3>\r\n            <p>\r\n                As to assure safety trips, just tailored-made for families and trekkers.            <\/p>\r\n        <\/div>\r\n\r\n\r\n\r\n\r\n[\/vc_column]<\/span><br \/>\n[vc_column width=&#8221;1\/4&#8243; type=&#8221;column&#8221; column_effect=&#8221;bottommove&#8221; column_effectanimate=&#8221;flipInY&#8221;]  \r\n        <div class=\"box_home\">\r\n            <i class=\"icon_set_1_icon-58\"><\/i>\r\n            <h3>Restaurant<\/h3>\r\n            <p>\r\n                We will delight you with a gastronomic journey, between local and international recipes.            <\/p>\r\n        <\/div>\r\n\r\n\r\n\r\n\r\n[\/vc_column][vc_column width=&#8221;1\/4&#8243; type=&#8221;column&#8221;]  \r\n        <div class=\"box_home\">\r\n            <i class=\"icon_set_1_icon-22\"><\/i>\r\n            <h3>Dog-friendly Hotel<\/h3>\r\n            <p>\r\n                For those who would never feel like neglecting the company of their faithful four-legged friends.            <\/p>\r\n        <\/div>\r\n\r\n\r\n\r\n\r\n[\/vc_column][vc_column width=&#8221;1\/4&#8243; type=&#8221;column&#8221;]  \r\n        <div class=\"box_home\">\r\n            <i class=\"icon_set_2_icon-110\"><\/i>\r\n            <h3>With an outdoor swimming pool<\/h3>\r\n            <p>\r\n                Overlooking the beautiful countryside ; deck chairs available.            <\/p>\r\n        <\/div>\r\n\r\n\r\n\r\n\r\n[\/vc_column][vc_column width=&#8221;1\/4&#8243; type=&#8221;column&#8221;]  \r\n        <div class=\"box_home\">\r\n            <i class=\"icon_set_1_icon-40\"><\/i>\r\n            <h3>Bike Hotel<\/h3>\r\n            <p>\r\n                Rent your mountain bike for free and discover our countryside.            <\/p>\r\n        <\/div>\r\n\r\n\r\n\r\n\r\n[\/vc_column][\/vc_row][vc_row full_width=&#8221;&#8221; parallax=&#8221;&#8221; parallax_image=&#8221;&#8221; ses_title=&#8221;Le nostre camere&#8221; ses_number=&#8221;&#8221; ses_image=&#8221;&#8221; ses_photo=&#8221;&#8221; ses_style=&#8221;&#8221; type_title=&#8221;type1&#8243; number_tes=&#8221;&#8221; type_row=&#8221;type2&#8243; ses_sub_title=&#8221;&#8221; wrap_id=&#8221;&#8221;][vc_column width=&#8221;1\/1&#8243; ses_title=&#8221;Le nostre camere&#8221; wap_class=&#8221;&#8221; wap_id=&#8221;&#8221; type=&#8221;normal&#8221;]<br \/>\n \r\n    <div class=\"bg_gray add_bottom_60\">\r\n        <div class=\"container\">\r\n        <div class=\"row\">\r\n           \r\n            <div class=\"col-md-4 col-sm-4\">\r\n                <div class=\"img_zoom\">\r\n                    <a href=\"https:\/\/casatolicitra.it\/en\/room\/deluxe\/\"><img src=\"https:\/\/casatolicitra.it\/wp-content\/uploads\/2016\/11\/Deluxe_1.jpg\" alt=\"\" class=\"img-responsive\"><\/a>\r\n                <\/div>\r\n                <h3>Deluxe <span class=\"price_home\">\u20ac<em><\/em><\/span><\/h3>\r\n                <p>\r\n                    For those who wish to enjoy the taste of a real vacation in a cozy atmosphere. A very comfortable bed with box spring double pillows, soft fabrics, refined hues....                <\/p>\r\n                <p>\r\n                    <a href=\"https:\/\/casatolicitra.it\/en\/room\/deluxe\/\" class=\"btn_1\">More<\/a>\r\n                <\/p>\r\n            <\/div>\r\n               \r\n            <div class=\"col-md-4 col-sm-4\">\r\n                <div class=\"img_zoom\">\r\n                    <a href=\"https:\/\/casatolicitra.it\/en\/room\/family\/\"><img src=\"https:\/\/casatolicitra.it\/wp-content\/uploads\/2016\/11\/family_anteprima.jpg\" alt=\"\" class=\"img-responsive\"><\/a>\r\n                <\/div>\r\n                <h3>Family <span class=\"price_home\">\u20ac<em><\/em><\/span><\/h3>\r\n                <p>\r\n                    For those who wish to spend a holiday with their family, without renouncing to their privacy, freedom and relaxation. Two adjoining rooms separated by a stylish loft, and a...                <\/p>\r\n                <p>\r\n                    <a href=\"https:\/\/casatolicitra.it\/en\/room\/family\/\" class=\"btn_1\">More<\/a>\r\n                <\/p>\r\n            <\/div>\r\n               \r\n            <div class=\"col-md-4 col-sm-4\">\r\n                <div class=\"img_zoom\">\r\n                    <a href=\"https:\/\/casatolicitra.it\/en\/room\/francese\/\"><img src=\"https:\/\/casatolicitra.it\/wp-content\/uploads\/2016\/11\/francese_anteprima.jpg\" alt=\"\" class=\"img-responsive\"><\/a>\r\n                <\/div>\r\n                <h3>Francese <span class=\"price_home\">\u20ac<em><\/em><\/span><\/h3>\r\n                <p>\r\n                    Warm, quiet and elegant accomodation for an unforgettable stay, with french bed, dedicated to our business guest who are looking for comfort and convenience. On request, breakfast in your...                <\/p>\r\n                <p>\r\n                    <a href=\"https:\/\/casatolicitra.it\/en\/room\/francese\/\" class=\"btn_1\">More<\/a>\r\n                <\/p>\r\n            <\/div>\r\n               \r\n            <div class=\"col-md-4 col-sm-4\">\r\n                <div class=\"img_zoom\">\r\n                    <a href=\"https:\/\/casatolicitra.it\/en\/room\/standard\/\"><img src=\"https:\/\/casatolicitra.it\/wp-content\/uploads\/2016\/11\/standard_anteprima.jpg\" alt=\"\" class=\"img-responsive\"><\/a>\r\n                <\/div>\r\n                <h3>Standard <span class=\"price_home\">\u20ac<em><\/em><\/span><\/h3>\r\n                <p>\r\n                    Comfortable, quiet and elegant accomodations: they are the favorite choice for those who are looking for comfort and convenience. Double or twin beds with the possibility of adding a...                <\/p>\r\n                <p>\r\n                    <a href=\"https:\/\/casatolicitra.it\/en\/room\/standard\/\" class=\"btn_1\">More<\/a>\r\n                <\/p>\r\n            <\/div>\r\n               \r\n            <div class=\"col-md-4 col-sm-4\">\r\n                <div class=\"img_zoom\">\r\n                    <a href=\"https:\/\/casatolicitra.it\/en\/room\/suite\/\"><img src=\"https:\/\/casatolicitra.it\/wp-content\/uploads\/2016\/11\/suite_anteprima.jpg\" alt=\"\" class=\"img-responsive\"><\/a>\r\n                <\/div>\r\n                <h3>Suite <span class=\"price_home\">\u20ac<em><\/em><\/span><\/h3>\r\n                <p>\r\n                    Much comfort and refinement in a timeless atmosphere. Sommier beds or a very comfortable four poster bed, double semi-rigid and soft pillows, bathrooms with chromotherapy shower and hairdryer. On...                <\/p>\r\n                <p>\r\n                    <a href=\"https:\/\/casatolicitra.it\/en\/room\/suite\/\" class=\"btn_1\">More<\/a>\r\n                <\/p>\r\n            <\/div>\r\n               \r\n            <div class=\"col-md-4 col-sm-4\">\r\n                <div class=\"img_zoom\">\r\n                    <a href=\"https:\/\/casatolicitra.it\/en\/room\/superior\/\"><img src=\"https:\/\/casatolicitra.it\/wp-content\/uploads\/2016\/11\/superior_anteprima.jpg\" alt=\"\" class=\"img-responsive\"><\/a>\r\n                <\/div>\r\n                <h3>Superior <span class=\"price_home\">\u20ac<em><\/em><\/span><\/h3>\r\n                <p>\r\n                    A charming and refined atmosphere, made of stone, of wood and of soft materials; it consists of two pleasant rooms and a small private courtyard. Everything is organized as...                <\/p>\r\n                <p>\r\n                    <a href=\"https:\/\/casatolicitra.it\/en\/room\/superior\/\" class=\"btn_1\">More<\/a>\r\n                <\/p>\r\n            <\/div>\r\n                        \r\n        <\/div><!-- End row -->\r\n        <\/div><!-- End container -->\r\n        <\/div>\r\n\r\n\r\n\r\n\r\n[\/vc_column][\/vc_row][vc_row ses_title=&#8221;Country Hotel in Ragusa: what we offer&#8221; type_title=&#8221;type1&#8243; type_row=&#8221;type5&#8243; ses_sub_title=&#8221;&#8221;][vc_column width=&#8221;2\/3&#8243; type=&#8221;column&#8221; column_id=&#8221;strip_activities&#8221;]<\/p>\n<ul>\n<li><img class=\"img-circle styled\" src=\"https:\/\/casatolicitra.it\/wp-content\/uploads\/2016\/11\/casato-licitra-treck-kids-partner.jpg\" \/><br \/>\n<h4>Partner Trek&amp;Kids<\/h4>\n<p>A quality mark for Hospitality Enterprises taylored for families seeking a relaxing holiday and a contact with nature, without renouncing to the comfort of a 4-star hotel.<a class=\"link_normal\" href=\"https:\/\/casatolicitra.it\/en\/activity\/partner-trek-kids-ragusa\/\">Find more<\/a><\/li>\n<li><img class=\"img-circle styled\" src=\"https:\/\/casatolicitra.it\/wp-content\/uploads\/2016\/11\/casato-licitra-equitazione.jpg\" \/><br \/>\n<h4>Horseback Riding<\/h4>\n<p>Our hotel with stables organizes horse excursions, to discover of the Hyblean plateau, among almond, olive<br \/>\nand carob trees.<a class=\"link_normal\" href=\"https:\/\/casatolicitra.it\/en\/activity\/hotel-con-maneggio-ragusa\/\">Find more about the Horsemanship premises<\/a><\/li>\n<li><img class=\"img-circle styled\" src=\"https:\/\/casatolicitra.it\/wp-content\/uploads\/2016\/11\/casato-licitra-ristorante-la-terrazza.jpg\" \/><br \/>\n<h4>Restaurant &#8220;Atalaya&#8221;<\/h4>\n<p>Discover the local cuisine and let yourselves be guided on a gastronomic journey From Our chef.<a class=\"link_normal\" href=\"https:\/\/casatolicitra.it\/en\/atalaya-restaurant\/\">Find more about the Restaurant<\/a><\/li>\n<li><img class=\"img-circle styled\" src=\"https:\/\/casatolicitra.it\/wp-content\/uploads\/2016\/11\/casato-licitra-esterno.jpg\" \/><br \/>\n<h4>Country Hotel<\/h4>\n<p>Not just a country hotel: Casato Licitra is a charming hotel, that is deep in the Hyblean countryside and it is furnished with a good taste and with the attention to tradition, that distinguishes the typical Iblee Farms.<a class=\"link_normal\" href=\"https:\/\/casatolicitra.it\/en\/country-hotel\/\">Find more about Casato Licitra<\/a><\/li>\n<li><img class=\"img-circle styled\" src=\"https:\/\/casatolicitra.it\/wp-content\/uploads\/2016\/11\/hotel-per-cani.jpg\" \/><br \/>\n<h4>Hotel dog-friendly<\/h4>\n<p>If you never want to give up your faithful 4-legged friend, the country hotel Casato Licitra provides you with a special area for your dogs.<a class=\"link_normal\" href=\"https:\/\/casatolicitra.it\/en\/activity\/hotel-dog-friendly\/\">Find the hotel dog-friendly<\/a><\/li>\n<li><img class=\"img-circle styled\" src=\"https:\/\/casatolicitra.it\/wp-content\/uploads\/2016\/11\/meeting-home.jpg\" \/><br \/>\n<h4>Meeting room<\/h4>\n<p>Not only relax and excursions: We also have a meeting room for professional meetings in unusual contexts.<a class=\"link_normal\" href=\"https:\/\/casatolicitra.it\/en\/sala-meeting\/\">Find meeting room<\/a><\/li>\n<\/ul>\n<p>[\/vc_column][vc_column width=&#8221;1\/3&#8243; type=&#8221;column&#8221;]<\/p>\n<div id=\"banner\">\n<p>&nbsp;<\/p>\n<h3>SPECIAL OFFERS Discover Offers!<\/h3>\n<p>&nbsp;<\/p>\n<\/div>\n<div class=\"box_style_1 text-center\">\n<div id=\"TA_cdsratingsonlywide415\" class=\"TA_cdsratingsonlywide\">\n<ul id=\"Bv2IyJm\" class=\"TA_links wxx47DuUWz\">\n<li id=\"NfG8iuRlm\" class=\"uaISrWHo\"><a href=\"https:\/\/www.tripadvisor.it\/\" target=\"_blank\" rel=\"noopener noreferrer\"><img src=\"https:\/\/www.tripadvisor.it\/img\/cdsi\/img2\/branding\/tripadvisor_logo_transp_340x80-18034-2.png\" alt=\"TripAdvisor\" \/><\/a><\/li>\n<\/ul>\n<\/div>\n<p><script src=\"https:\/\/www.jscache.com\/wejs?wtype=cdsratingsonlywide&amp;uniq=415&amp;locationId=1049926&amp;lang=it&amp;border=false&amp;shadow=false&amp;display_version=2\"><\/script><\/p>\n<\/div>\n<p><img loading=\"lazy\" class=\"aligncenter wp-image-1190 size-full\" src=\"https:\/\/casatolicitra.it\/wp-content\/uploads\/2015\/07\/attestati.jpg\" alt=\"\" width=\"347\" height=\"560\" srcset=\"https:\/\/casatolicitra.it\/wp-content\/uploads\/2015\/07\/attestati.jpg 347w, https:\/\/casatolicitra.it\/wp-content\/uploads\/2015\/07\/attestati-768x1239.jpg 768w\" sizes=\"(max-width: 347px) 100vw, 347px\" \/><\/p>\n<p><img loading=\"lazy\" class=\"alignleft\" src=\"https:\/\/casatolicitra.it\/wp-content\/uploads\/2025\/02\/Digital-Award-TRA-2025.png?_t=1740407627\" width=\"350\" height=\"350\" \/><\/p>\n<p><a href=\"http:\/\/www.camminifrancescanisicilia.it\/\" target=\"_blank\" rel=\"noopener noreferrer\"><img class=\"aligncenter size-full wp-image-1101\" style=\"width: 40%;\" src=\"https:\/\/casatolicitra.it\/wp-content\/uploads\/2017\/10\/logo-cammini.png\" alt=\"\" \/><\/a><br \/>\n[\/vc_column][\/vc_row][vc_row type_row=&#8221;type10&#8243; title=&#8221;Dicono di noi&#8221; ses_sub_title=&#8221;Dicono di noi&#8221;][vc_column width=&#8221;1\/1&#8243; title=&#8221;Dicono di noi&#8221; wap_class=&#8221;&#8221; column_id=&#8221;&#8221; type=&#8221;none&#8221;] \r\n\r\n    <div class=\"item active\">\r\n        <blockquote>\r\n            <img class=\"img-circle\" src=\"\" alt=\"\">\r\n            <p>\r\n                 \"Struttura stupenda, titolare gentilissimo e disponibilissimo in tutto. Abbiamo fatto l&#039;escursione a cavallo ed \u00e8 stata un&#039;esperienza stupenda. Cavalli bellissimi, soprattutto il &#039;mio&#039; Orlando!! Per concludere in bellezza ci hanno anche offerto un aperitivo in piscina. Consigliatissimo e 5 stelle meritate.\"\r\n            <\/p>\r\n            <small>Davide P - Tripadvisor<\/small>\r\n        <\/blockquote>\r\n    <\/div>\r\n\r\n\r\n \r\n\r\n    <div class=\"item \">\r\n        <blockquote>\r\n            <img class=\"img-circle\" src=\"\" alt=\"\">\r\n            <p>\r\n                 \"Il Casato Licitra \u00e8 un&#039;ottima soluzione per chi vuole staccare la spina e godere di un p\u00f2 di relax in aperta campagna. Stanze caratteristiche e confortevoli, cordialit\u00e0 e disponibilit\u00e0 del personale, abbondante la colazione. Torneremo volentieri a trovarvi.\"\r\n            <\/p>\r\n            <small>Mario - Tripadvisor<\/small>\r\n        <\/blockquote>\r\n    <\/div>\r\n\r\n\r\n \r\n\r\n    <div class=\"item \">\r\n        <blockquote>\r\n            <img class=\"img-circle\" src=\"\" alt=\"\">\r\n            <p>\r\n                 \"Per chi ama rilassarsi nelle campagne ragusane,coccolati dalla gentilezza e disponibilit\u00e0 dello staff e dalla dolcissima Rossana \u00e8 sicuramente il posto ideale. Le camere ampie, climatizzate, dotate di ogni comfort sono il massimo per chi viaggia con bambini piccoli. Da provare.\"\r\n            <\/p>\r\n            <small>Memole19-06 - Tripadvisor<\/small>\r\n        <\/blockquote>\r\n    <\/div>\r\n\r\n\r\n[\/vc_column][\/vc_row]<\/p>\n","protected":false},"excerpt":{"rendered":"<p>[vc_row type_title=&#8221;type1&#8243; type_row=&#8221;type3&#8243; ses_sub_title=&#8221; &#8220;][vc_column width=&#8221;1\/1&#8243; title=&#8221;&#8221; wap_class=&#8221;&#8221; wap_id=&#8221;&#8221; column_effect=&#8221;bottommove&#8221; column_effectanimate=&#8221;flipInY&#8221;][rev_slider_vc alias=&#8221;home&#8221;][\/vc_column][\/vc_row][vc_row type_title=&#8221;type1&#8243; type_row=&#8221;type4&#8243; ses_sub_title=&#8221; Casato Licitra is a 4-star hotel that is immersed in the typical landscape of the countryside of Ragusa, and it is surrounded by olive, almond and carob trees. Just the ideal venue for those who are seeking relaxation and a [&hellip;]<\/p>\n","protected":false},"author":1,"featured_media":0,"parent":0,"menu_order":0,"comment_status":"open","ping_status":"open","template":"page-templates\/template-home.php","meta":[],"_links":{"self":[{"href":"https:\/\/casatolicitra.it\/en\/wp-json\/wp\/v2\/pages\/812"}],"collection":[{"href":"https:\/\/casatolicitra.it\/en\/wp-json\/wp\/v2\/pages"}],"about":[{"href":"https:\/\/casatolicitra.it\/en\/wp-json\/wp\/v2\/types\/page"}],"author":[{"embeddable":true,"href":"https:\/\/casatolicitra.it\/en\/wp-json\/wp\/v2\/users\/1"}],"replies":[{"embeddable":true,"href":"https:\/\/casatolicitra.it\/en\/wp-json\/wp\/v2\/comments?post=812"}],"version-history":[{"count":39,"href":"https:\/\/casatolicitra.it\/en\/wp-json\/wp\/v2\/pages\/812\/revisions"}],"predecessor-version":[{"id":1205,"href":"https:\/\/casatolicitra.it\/en\/wp-json\/wp\/v2\/pages\/812\/revisions\/1205"}],"wp:attachment":[{"href":"https:\/\/casatolicitra.it\/en\/wp-json\/wp\/v2\/media?parent=812"}],"curies":[{"name":"wp","href":"https:\/\/api.w.org\/{rel}","templated":true}]}}